{"id":2722,"date":"2023-08-18T14:25:41","date_gmt":"2023-08-18T12:25:41","guid":{"rendered":"https:\/\/dev.bemvo.be\/?page_id=2722"},"modified":"2024-07-24T10:20:46","modified_gmt":"2024-07-24T08:20:46","slug":"european-regulation","status":"publish","type":"page","link":"https:\/\/bemvo.be\/index.php\/bibliotheque\/european-regulation\/","title":{"rendered":"EUROPEAN REGULATION"},"content":{"rendered":"\t\t<div data-elementor-type=\"wp-page\" data-elementor-id=\"2722\" class=\"elementor elementor-2722\" data-elementor-post-type=\"page\">\n\t\t\t\t\t\t<section class=\"elementor-section elementor-top-section elementor-element elementor-element-c5e2872 elementor-section-boxed elementor-section-height-default elementor-section-height-default\" data-id=\"c5e2872\" data-element_type=\"section\" data-e-type=\"section\">\n\t\t\t\t\t\t<div class=\"elementor-container elementor-column-gap-default\">\n\t\t\t\t\t<div class=\"elementor-column elementor-col-100 elementor-top-column elementor-element elementor-element-e20de9c\" data-id=\"e20de9c\" data-element_type=\"column\" data-e-type=\"column\">\n\t\t\t<div class=\"elementor-widget-wrap elementor-element-populated\">\n\t\t\t\t\t\t<div class=\"elementor-element elementor-element-7c40877 elementor-widget elementor-widget-image\" data-id=\"7c40877\" data-element_type=\"widget\" data-e-type=\"widget\" data-widget_type=\"image.default\">\n\t\t\t\t<div class=\"elementor-widget-container\">\n\t\t\t\t\t\t\t\t\t\t\t\t\t\t\t<img fetchpriority=\"high\" decoding=\"async\" width=\"2520\" height=\"844\" src=\"https:\/\/i0.wp.com\/bemvo.be\/wp-content\/uploads\/2023\/08\/BANNER-EUROPA.png?fit=2520%2C844&amp;ssl=1\" class=\"attachment-full size-full wp-image-2725\" alt=\"EUROPEAN REGULATION\" srcset=\"https:\/\/i0.wp.com\/bemvo.be\/wp-content\/uploads\/2023\/08\/BANNER-EUROPA.png?w=2520&amp;ssl=1 2520w, https:\/\/i0.wp.com\/bemvo.be\/wp-content\/uploads\/2023\/08\/BANNER-EUROPA.png?resize=300%2C100&amp;ssl=1 300w, https:\/\/i0.wp.com\/bemvo.be\/wp-content\/uploads\/2023\/08\/BANNER-EUROPA.png?resize=1024%2C343&amp;ssl=1 1024w, https:\/\/i0.wp.com\/bemvo.be\/wp-content\/uploads\/2023\/08\/BANNER-EUROPA.png?resize=768%2C257&amp;ssl=1 768w, https:\/\/i0.wp.com\/bemvo.be\/wp-content\/uploads\/2023\/08\/BANNER-EUROPA.png?resize=1536%2C514&amp;ssl=1 1536w, https:\/\/i0.wp.com\/bemvo.be\/wp-content\/uploads\/2023\/08\/BANNER-EUROPA.png?resize=2048%2C686&amp;ssl=1 2048w, https:\/\/i0.wp.com\/bemvo.be\/wp-content\/uploads\/2023\/08\/BANNER-EUROPA.png?w=1600&amp;ssl=1 1600w, https:\/\/i0.wp.com\/bemvo.be\/wp-content\/uploads\/2023\/08\/BANNER-EUROPA.png?w=2400&amp;ssl=1 2400w\" sizes=\"(max-width: 800px) 100vw, 800px\" \/>\t\t\t\t\t\t\t\t\t\t\t\t\t\t\t<\/div>\n\t\t\t\t<\/div>\n\t\t\t\t\t<\/div>\n\t\t<\/div>\n\t\t\t\t\t<\/div>\n\t\t<\/section>\n\t\t\t\t<section class=\"elementor-section elementor-top-section elementor-element elementor-element-8498614 elementor-section-boxed elementor-section-height-default elementor-section-height-default\" data-id=\"8498614\" data-element_type=\"section\" data-e-type=\"section\">\n\t\t\t\t\t\t<div class=\"elementor-container elementor-column-gap-default\">\n\t\t\t\t\t<div class=\"elementor-column elementor-col-100 elementor-top-column elementor-element elementor-element-5148db8\" data-id=\"5148db8\" data-element_type=\"column\" data-e-type=\"column\">\n\t\t\t<div class=\"elementor-widget-wrap elementor-element-populated\">\n\t\t\t\t\t\t<div class=\"elementor-element elementor-element-c28f6a7 elementor-widget elementor-widget-spacer\" data-id=\"c28f6a7\" data-element_type=\"widget\" data-e-type=\"widget\" data-widget_type=\"spacer.default\">\n\t\t\t\t<div class=\"elementor-widget-container\">\n\t\t\t\t\t\t\t<div class=\"elementor-spacer\">\n\t\t\t<div class=\"elementor-spacer-inner\"><\/div>\n\t\t<\/div>\n\t\t\t\t\t\t<\/div>\n\t\t\t\t<\/div>\n\t\t\t\t\t<\/div>\n\t\t<\/div>\n\t\t\t\t\t<\/div>\n\t\t<\/section>\n\t\t\t\t<section class=\"elementor-section elementor-top-section elementor-element elementor-element-9f54265 elementor-section-boxed elementor-section-height-default elementor-section-height-default\" data-id=\"9f54265\" data-element_type=\"section\" data-e-type=\"section\">\n\t\t\t\t\t\t<div class=\"elementor-container elementor-column-gap-default\">\n\t\t\t\t\t<div class=\"elementor-column elementor-col-100 elementor-top-column elementor-element elementor-element-78b45b7\" data-id=\"78b45b7\" data-element_type=\"column\" data-e-type=\"column\">\n\t\t\t<div class=\"elementor-widget-wrap elementor-element-populated\">\n\t\t\t\t\t\t<div class=\"elementor-element elementor-element-b88f03a elementor-widget elementor-widget-heading\" data-id=\"b88f03a\" data-element_type=\"widget\" data-e-type=\"widget\" data-widget_type=\"heading.default\">\n\t\t\t\t<div class=\"elementor-widget-container\">\n\t\t\t\t\t<h2 class=\"elementor-heading-title elementor-size-default\">CARACT\u00c9RISTIQUES DE S\u00c9CURIT\u00c9 DES M\u00c9DICAMENTS \u00c0 USAGE HUMAIN\n<\/h2>\t\t\t\t<\/div>\n\t\t\t\t<\/div>\n\t\t\t\t\t<\/div>\n\t\t<\/div>\n\t\t\t\t\t<\/div>\n\t\t<\/section>\n\t\t\t\t<section class=\"elementor-section elementor-top-section elementor-element elementor-element-0d4a1d7 elementor-section-boxed elementor-section-height-default elementor-section-height-default\" data-id=\"0d4a1d7\" data-element_type=\"section\" data-e-type=\"section\">\n\t\t\t\t\t\t<div class=\"elementor-container elementor-column-gap-default\">\n\t\t\t\t\t<div class=\"elementor-column elementor-col-100 elementor-top-column elementor-element elementor-element-5364293\" data-id=\"5364293\" data-element_type=\"column\" data-e-type=\"column\">\n\t\t\t<div class=\"elementor-widget-wrap elementor-element-populated\">\n\t\t\t\t\t\t<div class=\"elementor-element elementor-element-9ddb873 elementor-widget elementor-widget-text-editor\" data-id=\"9ddb873\" data-element_type=\"widget\" data-e-type=\"widget\" data-widget_type=\"text-editor.default\">\n\t\t\t\t<div class=\"elementor-widget-container\">\n\t\t\t\t\t\t\t\t\t<p>La Commission europ\u00e9enne a pr\u00e9par\u00e9 des r\u00e9ponses sp\u00e9cifiques pour faciliter la mise en \u0153uvre du r\u00e8glement d\u00e9l\u00e9gu\u00e9 dans un document <a href=\"https:\/\/bemvo.be\/wp-content\/uploads\/2024\/06\/qa_safetyfeature_en_0.pdf\" target=\"_blank\" rel=\"noopener\">QUESTIONS ET REPONSES<\/a> (only available in English)<\/p>\t\t\t\t\t\t\t\t<\/div>\n\t\t\t\t<\/div>\n\t\t\t\t\t<\/div>\n\t\t<\/div>\n\t\t\t\t\t<\/div>\n\t\t<\/section>\n\t\t\t\t<section class=\"elementor-section elementor-top-section elementor-element elementor-element-730878b elementor-section-boxed elementor-section-height-default elementor-section-height-default\" data-id=\"730878b\" data-element_type=\"section\" data-e-type=\"section\">\n\t\t\t\t\t\t<div class=\"elementor-container elementor-column-gap-default\">\n\t\t\t\t\t<div class=\"elementor-column elementor-col-100 elementor-top-column elementor-element elementor-element-eeee7e9\" data-id=\"eeee7e9\" data-element_type=\"column\" data-e-type=\"column\">\n\t\t\t<div class=\"elementor-widget-wrap elementor-element-populated\">\n\t\t\t\t\t\t<div class=\"elementor-element elementor-element-4bd0eb0 elementor-widget elementor-widget-spacer\" data-id=\"4bd0eb0\" data-element_type=\"widget\" data-e-type=\"widget\" data-widget_type=\"spacer.default\">\n\t\t\t\t<div class=\"elementor-widget-container\">\n\t\t\t\t\t\t\t<div class=\"elementor-spacer\">\n\t\t\t<div class=\"elementor-spacer-inner\"><\/div>\n\t\t<\/div>\n\t\t\t\t\t\t<\/div>\n\t\t\t\t<\/div>\n\t\t\t\t\t<\/div>\n\t\t<\/div>\n\t\t\t\t\t<\/div>\n\t\t<\/section>\n\t\t\t\t<section class=\"elementor-section elementor-top-section elementor-element elementor-element-be39b68 elementor-section-boxed elementor-section-height-default elementor-section-height-default\" data-id=\"be39b68\" data-element_type=\"section\" data-e-type=\"section\">\n\t\t\t\t\t\t<div class=\"elementor-container elementor-column-gap-default\">\n\t\t\t\t\t<div class=\"elementor-column elementor-col-100 elementor-top-column elementor-element elementor-element-d00bce1\" data-id=\"d00bce1\" data-element_type=\"column\" data-e-type=\"column\">\n\t\t\t<div class=\"elementor-widget-wrap elementor-element-populated\">\n\t\t\t\t\t\t<div class=\"elementor-element elementor-element-7e59f4e elementor-widget elementor-widget-heading\" data-id=\"7e59f4e\" data-element_type=\"widget\" data-e-type=\"widget\" data-widget_type=\"heading.default\">\n\t\t\t\t<div class=\"elementor-widget-container\">\n\t\t\t\t\t<h2 class=\"elementor-heading-title elementor-size-default\">KNOWLEDGE DATABASE EMVO<\/h2>\t\t\t\t<\/div>\n\t\t\t\t<\/div>\n\t\t\t\t\t<\/div>\n\t\t<\/div>\n\t\t\t\t\t<\/div>\n\t\t<\/section>\n\t\t\t\t<section class=\"elementor-section elementor-top-section elementor-element elementor-element-beddde2 elementor-section-boxed elementor-section-height-default elementor-section-height-default\" data-id=\"beddde2\" data-element_type=\"section\" data-e-type=\"section\">\n\t\t\t\t\t\t<div class=\"elementor-container elementor-column-gap-default\">\n\t\t\t\t\t<div class=\"elementor-column elementor-col-100 elementor-top-column elementor-element elementor-element-5e1b413\" data-id=\"5e1b413\" data-element_type=\"column\" data-e-type=\"column\">\n\t\t\t<div class=\"elementor-widget-wrap elementor-element-populated\">\n\t\t\t\t\t\t<div class=\"elementor-element elementor-element-f9ef0ab elementor-widget elementor-widget-text-editor\" data-id=\"f9ef0ab\" data-element_type=\"widget\" data-e-type=\"widget\" data-widget_type=\"text-editor.default\">\n\t\t\t\t<div class=\"elementor-widget-container\">\n\t\t\t\t\t\t\t\t\t<p>EMVO a pr\u00e9par\u00e9 une liste <a href=\"https:\/\/emvo-medicines.eu\/knowledge-database\/\">de questions fr\u00e9quemment pos\u00e9es (FAQ)<\/a> pour les d\u00e9tenteurs d&#8217;autorisation de mise sur le march\u00e9, expliquant les faits essentiels li\u00e9s \u00e0 leur connexion \u00e0 la plate-forme europ\u00e9enne.<\/p>\t\t\t\t\t\t\t\t<\/div>\n\t\t\t\t<\/div>\n\t\t\t\t\t<\/div>\n\t\t<\/div>\n\t\t\t\t\t<\/div>\n\t\t<\/section>\n\t\t\t\t<section class=\"elementor-section elementor-top-section elementor-element elementor-element-500cbe7 elementor-section-boxed elementor-section-height-default elementor-section-height-default\" data-id=\"500cbe7\" data-element_type=\"section\" data-e-type=\"section\">\n\t\t\t\t\t\t<div class=\"elementor-container elementor-column-gap-default\">\n\t\t\t\t\t<div class=\"elementor-column elementor-col-100 elementor-top-column elementor-element elementor-element-e2a7ee9\" data-id=\"e2a7ee9\" data-element_type=\"column\" data-e-type=\"column\">\n\t\t\t<div class=\"elementor-widget-wrap\">\n\t\t\t\t\t\t\t<\/div>\n\t\t<\/div>\n\t\t\t\t\t<\/div>\n\t\t<\/section>\n\t\t\t\t<section class=\"elementor-section elementor-top-section elementor-element elementor-element-592a0d8 elementor-section-boxed elementor-section-height-default elementor-section-height-default\" data-id=\"592a0d8\" data-element_type=\"section\" data-e-type=\"section\">\n\t\t\t\t\t\t<div class=\"elementor-container elementor-column-gap-default\">\n\t\t\t\t\t<div class=\"elementor-column elementor-col-100 elementor-top-column elementor-element elementor-element-4b7e1cd\" data-id=\"4b7e1cd\" data-element_type=\"column\" data-e-type=\"column\">\n\t\t\t<div class=\"elementor-widget-wrap elementor-element-populated\">\n\t\t\t\t\t\t<div class=\"elementor-element elementor-element-f01b821 elementor-widget elementor-widget-spacer\" data-id=\"f01b821\" data-element_type=\"widget\" data-e-type=\"widget\" data-widget_type=\"spacer.default\">\n\t\t\t\t<div class=\"elementor-widget-container\">\n\t\t\t\t\t\t\t<div class=\"elementor-spacer\">\n\t\t\t<div class=\"elementor-spacer-inner\"><\/div>\n\t\t<\/div>\n\t\t\t\t\t\t<\/div>\n\t\t\t\t<\/div>\n\t\t\t\t\t<\/div>\n\t\t<\/div>\n\t\t\t\t\t<\/div>\n\t\t<\/section>\n\t\t<div class=\"elementor-element elementor-element-04de561 e-flex e-con-boxed e-con e-parent\" data-id=\"04de561\" data-element_type=\"container\" data-e-type=\"container\">\n\t\t\t\t\t<div class=\"e-con-inner\">\n\t\t\t\t<div class=\"elementor-element elementor-element-51e04af elementor-widget elementor-widget-global elementor-global-7205 elementor-widget-ucaddon_ue_scroll_to_top\" data-id=\"51e04af\" data-element_type=\"widget\" data-e-type=\"widget\" data-widget_type=\"ucaddon_ue_scroll_to_top.default\">\n\t\t\t\t<div class=\"elementor-widget-container\">\n\t\t\t\t\t\n<!-- start Scroll To Top -->\n\t\t<link id='font-awesome-css' href='https:\/\/bemvo.be\/wp-content\/plugins\/unlimited-elements-for-elementor\/assets_libraries\/font-awesome6\/fontawesome-all.min.css' type='text\/css' rel='stylesheet' >\n\t\t<link id='font-awesome-4-shim-css' href='https:\/\/bemvo.be\/wp-content\/plugins\/unlimited-elements-for-elementor\/assets_libraries\/font-awesome6\/fontawesome-v4-shims.min.css' type='text\/css' rel='stylesheet' >\n\n<style>\/* widget: Scroll To Top *\/\n\n#uc_ue_scroll_to_top_elementor_51e04af.ue-scroll-to {\n    display:none;\n   z-index: 9999;\n  \n}\n#uc_ue_scroll_to_top_elementor_51e04af .ue-scroll-to-cta {\n  cursor: pointer;\n  display: flex;\n  position: relative;\n  transition: all 400ms ease-in-out;\n  align-content:center;\n  justify-content:center;\n  flex-direction:column;\n  text-align:center;\n}\n#uc_ue_scroll_to_top_elementor_51e04af .ue-scroll-to-cta .ue-scroll-to-icon {\n  line-height:1em;\n  margin:0 auto;\n}\n\n#uc_ue_scroll_to_top_elementor_51e04af .ue-scroll-to-cta .ue-scroll-to-icon svg {\n  height:1em; \n  width:1em; \n}\n\n.ue-scroll-to-cta \n#uc_ue_scroll_to_top_elementor_51e04af .ue-scroll-to-icon {\n  position: relative;\n}\n\n#uc_ue_scroll_to_top_elementor_51e04af .ue-scroll-to-icon:hover {\n  cursor: pointer;\n}\n.ue-snap-v-middle{\n  top:50%;\n}\n.ue-scroll-to-text\n{\n  font-size:10px;\n}\n\n\t\t  #uc_ue_scroll_to_top_elementor_51e04af .ue-scroll-to-cta {\n          animation: ue-waggle 5s infinite;\n      }\n\n      @keyframes ue-waggle {\n          0% {\n              transform: none;\n          }\n\n          10% {\n              transform: rotateZ(-20deg) scale(1.2);\n          }\n\n          13% {\n              transform: rotateZ(25deg) scale(1.2);\n          }\n\n          15% {\n              transform: rotateZ(-15deg) scale(1.2);\n          }\n\n          17% {\n              transform: rotateZ(15deg) scale(1.2);\n          }\n\n          20% {\n              transform: rotateZ(-12deg) scale(1.2);\n          }\n\n          22% {\n              transform: rotateZ(0) scale(1.2);\n          }\n\n          25%,\n          100% {\n              transform: rotateZ(0) scale(1);\n          }\n      }\n\t\n\t\t\n\t\n\t\n\t\n\t\n\t\n\t\n\n<\/style>\n\n<div id=\"uc_ue_scroll_to_top_elementor_51e04af\" class=\"ue-scroll-to ue-snap-v-bottom ue-snap-h-right\">\n      <div class=\"ue-scroll-to-cta ue-waggle\">\n          <div class=\"ue-scroll-to-icon\"><i class='fas fa-arrow-up'><\/i><\/div>\n          \t\n      <\/div>\n<\/div>\n<!-- end Scroll To Top -->\t\t\t\t<\/div>\n\t\t\t\t<\/div>\n\t\t\t\t\t<\/div>\n\t\t\t\t<\/div>\n\t\t\t\t<\/div>\n\t\t","protected":false},"excerpt":{"rendered":"<p>CARACT\u00c9RISTIQUES DE S\u00c9CURIT\u00c9 DES M\u00c9DICAMENTS \u00c0 USAGE HUMAIN La Commission europ\u00e9enne a pr\u00e9par\u00e9 des r\u00e9ponses sp\u00e9cifiques pour faciliter la mise en \u0153uvre du r\u00e8glement d\u00e9l\u00e9gu\u00e9 dans un document QUESTIONS ET REPONSES (only available in English) KNOWLEDGE DATABASE EMVO EMVO a pr\u00e9par\u00e9 une liste de questions fr\u00e9quemment pos\u00e9es (FAQ) pour les d\u00e9tenteurs d&#8217;autorisation de mise sur [&hellip;]<\/p>\n","protected":false},"author":1,"featured_media":0,"parent":3319,"menu_order":0,"comment_status":"closed","ping_status":"closed","template":"","meta":{"footnotes":""},"class_list":["post-2722","page","type-page","status-publish","hentry"],"yoast_head":"<!-- This site is optimized with the Yoast SEO plugin v27.3 - https:\/\/yoast.com\/product\/yoast-seo-wordpress\/ -->\n<title>EUROPEAN REGULATION - Bemvo<\/title>\n<meta name=\"robots\" content=\"index, follow, max-snippet:-1, max-image-preview:large, max-video-preview:-1\" \/>\n<link rel=\"canonical\" href=\"https:\/\/bemvo.be\/index.php\/bibliotheque\/european-regulation\/\" \/>\n<meta property=\"og:locale\" content=\"nl_NL\" \/>\n<meta property=\"og:type\" content=\"article\" \/>\n<meta property=\"og:title\" content=\"EUROPEAN REGULATION - Bemvo\" \/>\n<meta property=\"og:description\" content=\"CARACT\u00c9RISTIQUES DE S\u00c9CURIT\u00c9 DES M\u00c9DICAMENTS \u00c0 USAGE HUMAIN La Commission europ\u00e9enne a pr\u00e9par\u00e9 des r\u00e9ponses sp\u00e9cifiques pour faciliter la mise en \u0153uvre du r\u00e8glement d\u00e9l\u00e9gu\u00e9 dans un document QUESTIONS ET REPONSES (only available in English) KNOWLEDGE DATABASE EMVO EMVO a pr\u00e9par\u00e9 une liste de questions fr\u00e9quemment pos\u00e9es (FAQ) pour les d\u00e9tenteurs d&#8217;autorisation de mise sur [&hellip;]\" \/>\n<meta property=\"og:url\" content=\"https:\/\/bemvo.be\/index.php\/bibliotheque\/european-regulation\/\" \/>\n<meta property=\"og:site_name\" content=\"Bemvo\" \/>\n<meta property=\"article:modified_time\" content=\"2024-07-24T08:20:46+00:00\" \/>\n<meta property=\"og:image\" content=\"https:\/\/bemvo.be\/wp-content\/uploads\/2023\/08\/BANNER-EUROPA.png\" \/>\n<meta name=\"twitter:card\" content=\"summary_large_image\" \/>\n<meta name=\"twitter:label1\" content=\"Verwachte leestijd\" \/>\n\t<meta name=\"twitter:data1\" content=\"1 minuut\" \/>\n<script type=\"application\/ld+json\" class=\"yoast-schema-graph\">{\"@context\":\"https:\\\/\\\/schema.org\",\"@graph\":[{\"@type\":\"WebPage\",\"@id\":\"https:\\\/\\\/bemvo.be\\\/index.php\\\/bibliotheque\\\/european-regulation\\\/\",\"url\":\"https:\\\/\\\/bemvo.be\\\/index.php\\\/bibliotheque\\\/european-regulation\\\/\",\"name\":\"EUROPEAN REGULATION - Bemvo\",\"isPartOf\":{\"@id\":\"https:\\\/\\\/bemvo.be\\\/#website\"},\"primaryImageOfPage\":{\"@id\":\"https:\\\/\\\/bemvo.be\\\/index.php\\\/bibliotheque\\\/european-regulation\\\/#primaryimage\"},\"image\":{\"@id\":\"https:\\\/\\\/bemvo.be\\\/index.php\\\/bibliotheque\\\/european-regulation\\\/#primaryimage\"},\"thumbnailUrl\":\"https:\\\/\\\/bemvo.be\\\/wp-content\\\/uploads\\\/2023\\\/08\\\/BANNER-EUROPA.png\",\"datePublished\":\"2023-08-18T12:25:41+00:00\",\"dateModified\":\"2024-07-24T08:20:46+00:00\",\"breadcrumb\":{\"@id\":\"https:\\\/\\\/bemvo.be\\\/index.php\\\/bibliotheque\\\/european-regulation\\\/#breadcrumb\"},\"inLanguage\":\"nl-NL\",\"potentialAction\":[{\"@type\":\"ReadAction\",\"target\":[\"https:\\\/\\\/bemvo.be\\\/index.php\\\/bibliotheque\\\/european-regulation\\\/\"]}]},{\"@type\":\"ImageObject\",\"inLanguage\":\"nl-NL\",\"@id\":\"https:\\\/\\\/bemvo.be\\\/index.php\\\/bibliotheque\\\/european-regulation\\\/#primaryimage\",\"url\":\"https:\\\/\\\/i0.wp.com\\\/bemvo.be\\\/wp-content\\\/uploads\\\/2023\\\/08\\\/BANNER-EUROPA.png?fit=2520%2C844&ssl=1\",\"contentUrl\":\"https:\\\/\\\/i0.wp.com\\\/bemvo.be\\\/wp-content\\\/uploads\\\/2023\\\/08\\\/BANNER-EUROPA.png?fit=2520%2C844&ssl=1\",\"width\":2520,\"height\":844,\"caption\":\"EUROPEAN REGULATION\"},{\"@type\":\"BreadcrumbList\",\"@id\":\"https:\\\/\\\/bemvo.be\\\/index.php\\\/bibliotheque\\\/european-regulation\\\/#breadcrumb\",\"itemListElement\":[{\"@type\":\"ListItem\",\"position\":1,\"name\":\"Home\",\"item\":\"https:\\\/\\\/bemvo.be\\\/\"},{\"@type\":\"ListItem\",\"position\":2,\"name\":\"Biblioth\u00e8que\",\"item\":\"https:\\\/\\\/bemvo.be\\\/index.php\\\/bibliotheque\\\/\"},{\"@type\":\"ListItem\",\"position\":3,\"name\":\"EUROPEAN REGULATION\"}]},{\"@type\":\"WebSite\",\"@id\":\"https:\\\/\\\/bemvo.be\\\/#website\",\"url\":\"https:\\\/\\\/bemvo.be\\\/\",\"name\":\"Bemvo\",\"description\":\"Belgian Medicines Verification Organisation vzw\",\"publisher\":{\"@id\":\"https:\\\/\\\/bemvo.be\\\/#organization\"},\"potentialAction\":[{\"@type\":\"SearchAction\",\"target\":{\"@type\":\"EntryPoint\",\"urlTemplate\":\"https:\\\/\\\/bemvo.be\\\/?s={search_term_string}\"},\"query-input\":{\"@type\":\"PropertyValueSpecification\",\"valueRequired\":true,\"valueName\":\"search_term_string\"}}],\"inLanguage\":\"nl-NL\"},{\"@type\":\"Organization\",\"@id\":\"https:\\\/\\\/bemvo.be\\\/#organization\",\"name\":\"Belgian Medicines Verification Organisation\",\"url\":\"https:\\\/\\\/bemvo.be\\\/\",\"logo\":{\"@type\":\"ImageObject\",\"inLanguage\":\"nl-NL\",\"@id\":\"https:\\\/\\\/bemvo.be\\\/#\\\/schema\\\/logo\\\/image\\\/\",\"url\":\"https:\\\/\\\/i0.wp.com\\\/bemvo.be\\\/wp-content\\\/uploads\\\/2023\\\/04\\\/favicon.png?fit=382%2C132&ssl=1\",\"contentUrl\":\"https:\\\/\\\/i0.wp.com\\\/bemvo.be\\\/wp-content\\\/uploads\\\/2023\\\/04\\\/favicon.png?fit=382%2C132&ssl=1\",\"width\":382,\"height\":132,\"caption\":\"Belgian Medicines Verification Organisation\"},\"image\":{\"@id\":\"https:\\\/\\\/bemvo.be\\\/#\\\/schema\\\/logo\\\/image\\\/\"}}]}<\/script>\n<!-- \/ Yoast SEO plugin. -->","yoast_head_json":{"title":"EUROPEAN REGULATION - Bemvo","robots":{"index":"index","follow":"follow","max-snippet":"max-snippet:-1","max-image-preview":"max-image-preview:large","max-video-preview":"max-video-preview:-1"},"canonical":"https:\/\/bemvo.be\/index.php\/bibliotheque\/european-regulation\/","og_locale":"nl_NL","og_type":"article","og_title":"EUROPEAN REGULATION - Bemvo","og_description":"CARACT\u00c9RISTIQUES DE S\u00c9CURIT\u00c9 DES M\u00c9DICAMENTS \u00c0 USAGE HUMAIN La Commission europ\u00e9enne a pr\u00e9par\u00e9 des r\u00e9ponses sp\u00e9cifiques pour faciliter la mise en \u0153uvre du r\u00e8glement d\u00e9l\u00e9gu\u00e9 dans un document QUESTIONS ET REPONSES (only available in English) KNOWLEDGE DATABASE EMVO EMVO a pr\u00e9par\u00e9 une liste de questions fr\u00e9quemment pos\u00e9es (FAQ) pour les d\u00e9tenteurs d&#8217;autorisation de mise sur [&hellip;]","og_url":"https:\/\/bemvo.be\/index.php\/bibliotheque\/european-regulation\/","og_site_name":"Bemvo","article_modified_time":"2024-07-24T08:20:46+00:00","og_image":[{"url":"https:\/\/bemvo.be\/wp-content\/uploads\/2023\/08\/BANNER-EUROPA.png","type":"","width":"","height":""}],"twitter_card":"summary_large_image","twitter_misc":{"Verwachte leestijd":"1 minuut"},"schema":{"@context":"https:\/\/schema.org","@graph":[{"@type":"WebPage","@id":"https:\/\/bemvo.be\/index.php\/bibliotheque\/european-regulation\/","url":"https:\/\/bemvo.be\/index.php\/bibliotheque\/european-regulation\/","name":"EUROPEAN REGULATION - Bemvo","isPartOf":{"@id":"https:\/\/bemvo.be\/#website"},"primaryImageOfPage":{"@id":"https:\/\/bemvo.be\/index.php\/bibliotheque\/european-regulation\/#primaryimage"},"image":{"@id":"https:\/\/bemvo.be\/index.php\/bibliotheque\/european-regulation\/#primaryimage"},"thumbnailUrl":"https:\/\/bemvo.be\/wp-content\/uploads\/2023\/08\/BANNER-EUROPA.png","datePublished":"2023-08-18T12:25:41+00:00","dateModified":"2024-07-24T08:20:46+00:00","breadcrumb":{"@id":"https:\/\/bemvo.be\/index.php\/bibliotheque\/european-regulation\/#breadcrumb"},"inLanguage":"nl-NL","potentialAction":[{"@type":"ReadAction","target":["https:\/\/bemvo.be\/index.php\/bibliotheque\/european-regulation\/"]}]},{"@type":"ImageObject","inLanguage":"nl-NL","@id":"https:\/\/bemvo.be\/index.php\/bibliotheque\/european-regulation\/#primaryimage","url":"https:\/\/i0.wp.com\/bemvo.be\/wp-content\/uploads\/2023\/08\/BANNER-EUROPA.png?fit=2520%2C844&ssl=1","contentUrl":"https:\/\/i0.wp.com\/bemvo.be\/wp-content\/uploads\/2023\/08\/BANNER-EUROPA.png?fit=2520%2C844&ssl=1","width":2520,"height":844,"caption":"EUROPEAN REGULATION"},{"@type":"BreadcrumbList","@id":"https:\/\/bemvo.be\/index.php\/bibliotheque\/european-regulation\/#breadcrumb","itemListElement":[{"@type":"ListItem","position":1,"name":"Home","item":"https:\/\/bemvo.be\/"},{"@type":"ListItem","position":2,"name":"Biblioth\u00e8que","item":"https:\/\/bemvo.be\/index.php\/bibliotheque\/"},{"@type":"ListItem","position":3,"name":"EUROPEAN REGULATION"}]},{"@type":"WebSite","@id":"https:\/\/bemvo.be\/#website","url":"https:\/\/bemvo.be\/","name":"Bemvo","description":"Belgian Medicines Verification Organisation vzw","publisher":{"@id":"https:\/\/bemvo.be\/#organization"},"potentialAction":[{"@type":"SearchAction","target":{"@type":"EntryPoint","urlTemplate":"https:\/\/bemvo.be\/?s={search_term_string}"},"query-input":{"@type":"PropertyValueSpecification","valueRequired":true,"valueName":"search_term_string"}}],"inLanguage":"nl-NL"},{"@type":"Organization","@id":"https:\/\/bemvo.be\/#organization","name":"Belgian Medicines Verification Organisation","url":"https:\/\/bemvo.be\/","logo":{"@type":"ImageObject","inLanguage":"nl-NL","@id":"https:\/\/bemvo.be\/#\/schema\/logo\/image\/","url":"https:\/\/i0.wp.com\/bemvo.be\/wp-content\/uploads\/2023\/04\/favicon.png?fit=382%2C132&ssl=1","contentUrl":"https:\/\/i0.wp.com\/bemvo.be\/wp-content\/uploads\/2023\/04\/favicon.png?fit=382%2C132&ssl=1","width":382,"height":132,"caption":"Belgian Medicines Verification Organisation"},"image":{"@id":"https:\/\/bemvo.be\/#\/schema\/logo\/image\/"}}]}},"jetpack_sharing_enabled":true,"_links":{"self":[{"href":"https:\/\/bemvo.be\/index.php\/wp-json\/wp\/v2\/pages\/2722","targetHints":{"allow":["GET"]}}],"collection":[{"href":"https:\/\/bemvo.be\/index.php\/wp-json\/wp\/v2\/pages"}],"about":[{"href":"https:\/\/bemvo.be\/index.php\/wp-json\/wp\/v2\/types\/page"}],"author":[{"embeddable":true,"href":"https:\/\/bemvo.be\/index.php\/wp-json\/wp\/v2\/users\/1"}],"replies":[{"embeddable":true,"href":"https:\/\/bemvo.be\/index.php\/wp-json\/wp\/v2\/comments?post=2722"}],"version-history":[{"count":46,"href":"https:\/\/bemvo.be\/index.php\/wp-json\/wp\/v2\/pages\/2722\/revisions"}],"predecessor-version":[{"id":8259,"href":"https:\/\/bemvo.be\/index.php\/wp-json\/wp\/v2\/pages\/2722\/revisions\/8259"}],"up":[{"embeddable":true,"href":"https:\/\/bemvo.be\/index.php\/wp-json\/wp\/v2\/pages\/3319"}],"wp:attachment":[{"href":"https:\/\/bemvo.be\/index.php\/wp-json\/wp\/v2\/media?parent=2722"}],"curies":[{"name":"wp","href":"https:\/\/api.w.org\/{rel}","templated":true}]}}